{"id":896,"date":"2017-03-24T09:21:49","date_gmt":"2017-03-24T08:21:49","guid":{"rendered":"http:\/\/www.brezel-berzel.de\/de\/?page_id=896"},"modified":"2023-03-11T10:16:05","modified_gmt":"2023-03-11T09:16:05","slug":"impressum","status":"publish","type":"page","link":"https:\/\/www.brezel-berzel.de\/de\/impressum\/","title":{"rendered":"Impressum"},"content":{"rendered":"<p>[vc_row][vc_column]<div class=\"sc_section margin_top_huge margin_bottom_small aligncenter\" style=\"width:60%;width:60%;\"><div class=\"sc_section_inner\"><h1 class=\"sc_title sc_title_regular sc_align_center\" style=\"text-align:center;\">Impressum<\/h1><figure class=\"sc_image  sc_image_shape_square margin_top_medium margin_bottom_medium\"><img decoding=\"async\" src=\"https:\/\/www.brezel-berzel.de\/de\/wp-content\/uploads\/2017\/03\/berz_black.png\" alt=\"\" \/><\/figure><\/div><\/div><div class=\"sc_section margin_bottom_huge aligncenter\"><div class=\"sc_section_inner\"><\/div><\/div>[\/vc_column][\/vc_row][vc_row][vc_column width=&#8220;1\/2&#8243;][vc_column_text]<\/p>\n<div class=\"wpb_text_column wpb_content_element \">\n<div class=\"wpb_wrapper\">\n<p style=\"text-align: center;\"><strong>Steuer-Nummer<\/strong><br \/>\n41\/015\/73223<br \/>\nFinanzamt Speyer<br \/>\n<strong><br \/>\nUmsatzsteuer-ID<\/strong><br \/>\nn. v.<br \/>\n<strong><br \/>\nHandwerkskammer<\/strong><br \/>\nHWK Kaiserslautern<\/p>\n<p style=\"text-align: center;\"><strong>Zust\u00e4ndige Berufsgenossenschaft<\/strong><br \/>\nBG Nahrungsmittel und Gastgewerbe<br \/>\nDynamostra\u00dfe 7-11<br \/>\n68165 Mannheim<br \/>\n<strong><br \/>\nAufsichtsbeh\u00f6rde<br \/>\n<\/strong>Stadt Speyer<\/p>\n<p style=\"text-align: center;\"><strong>Firmenbezeichnung<\/strong><br \/>\nSpeyerer Brezelb\u00e4ckerei Berzel<br \/>\n<strong><br \/>\nEinzelunternehmer<br \/>\n<\/strong>Patrick Blau<\/p>\n<\/div>\n<\/div>\n<p>[\/vc_column_text][\/vc_column][vc_column width=&#8220;1\/2&#8243;][vc_column_text]<\/p>\n<p style=\"text-align: center;\"><strong>Inhaltlich Verantwortlicher gem\u00e4\u00df \u00a7 6 MDStV<\/strong><br \/>\nPatrick Blau<\/p>\n<p style=\"text-align: center;\"><strong>Verbraucherstreitbeilegungsgesetz<br \/>\n<\/strong>Hinweis gem\u00e4\u00df \u00a7 36 Verbraucherstreitbeilegungsgesetz (VSBG):<br \/>\nDer Verk\u00e4ufer\/Auftragnehmer wird nicht an einem Streitbeilegungsverfahren vor einer Verbraucherschlichtungsstelle im Sinne des VSBG teilnehmen und ist hierzu auch nicht verpflichtet.<\/p>\n<p>[\/vc_column_text][vc_empty_space][vc_column_text]<\/p>\n<p style=\"text-align: center;\"><strong>Datenschutzhinweis<br \/>\n<\/strong>Den Datenschutzhinweis finden Sie <a href=\"https:\/\/www.brezel-berzel.de\/de\/datenschutz\/\">hier<\/a>.<\/p>\n<p>[\/vc_column_text][vc_empty_space][vc_column_text]<\/p>\n<p style=\"text-align: center;\"><strong>\u00a9 Alle Fotos by<br \/>\n<\/strong>Michael Schepers \/ <a href=\"https:\/\/werbung.schepers-photography.de\/\">Schepers-Photography.de<\/a><\/p>\n<p>[\/vc_column_text][vc_empty_space][vc_column_text]<\/p>\n<p style=\"text-align: center;\"><strong>Design und Realisierung der Webseite<\/strong><br \/>\nMichael Schepers \/ <a href=\"https:\/\/www.schepers-photography.de\" target=\"_blank\" rel=\"noopener\">Schepers-Photography.de<\/a><\/p>\n<p>[\/vc_column_text][\/vc_column][\/vc_row][vc_row][vc_column][vc_empty_space height=&#8220;40px&#8220;][\/vc_column][\/vc_row]<\/p>\n","protected":false},"excerpt":{"rendered":"<p>[vc_row][vc_column][\/vc_column][\/vc_row][vc_row][vc_column width=&#8220;1\/2&#8243;][vc_column_text] Steuer-Nummer 41\/015\/73223 Finanzamt Speyer Umsatzsteuer-ID n. v. Handwerkskammer HWK Kaiserslautern Zust\u00e4ndige Berufsgenossenschaft BG Nahrungsmittel und Gastgewerbe Dynamostra\u00dfe 7-11 68165 Mannheim Aufsichtsbeh\u00f6rde Stadt Speyer Firmenbezeichnung Speyerer Brezelb\u00e4ckerei Berzel Einzelunternehmer Patrick Blau [\/vc_column_text][\/vc_column][vc_column width=&#8220;1\/2&#8243;][vc_column_text] Inhaltlich Verantwortlicher gem\u00e4\u00df \u00a7 6 MDStV Patrick Blau Verbraucherstreitbeilegungsgesetz Hinweis gem\u00e4\u00df \u00a7 36 Verbraucherstreitbeilegungsgesetz (VSBG): Der Verk\u00e4ufer\/Auftragnehmer wird nicht an einem [&hellip;]<\/p>\n","protected":false},"author":1,"featured_media":0,"parent":0,"menu_order":71,"comment_status":"closed","ping_status":"closed","template":"","meta":{"_exactmetrics_skip_tracking":false,"_exactmetrics_sitenote_active":false,"_exactmetrics_sitenote_note":"","_exactmetrics_sitenote_category":0,"footnotes":""},"class_list":["post-896","page","type-page","status-publish","hentry"],"_links":{"self":[{"href":"https:\/\/www.brezel-berzel.de\/de\/wp-json\/wp\/v2\/pages\/896","targetHints":{"allow":["GET"]}}],"collection":[{"href":"https:\/\/www.brezel-berzel.de\/de\/wp-json\/wp\/v2\/pages"}],"about":[{"href":"https:\/\/www.brezel-berzel.de\/de\/wp-json\/wp\/v2\/types\/page"}],"author":[{"embeddable":true,"href":"https:\/\/www.brezel-berzel.de\/de\/wp-json\/wp\/v2\/users\/1"}],"replies":[{"embeddable":true,"href":"https:\/\/www.brezel-berzel.de\/de\/wp-json\/wp\/v2\/comments?post=896"}],"version-history":[{"count":16,"href":"https:\/\/www.brezel-berzel.de\/de\/wp-json\/wp\/v2\/pages\/896\/revisions"}],"predecessor-version":[{"id":1490,"href":"https:\/\/www.brezel-berzel.de\/de\/wp-json\/wp\/v2\/pages\/896\/revisions\/1490"}],"wp:attachment":[{"href":"https:\/\/www.brezel-berzel.de\/de\/wp-json\/wp\/v2\/media?parent=896"}],"curies":[{"name":"wp","href":"https:\/\/api.w.org\/{rel}","templated":true}]}}